{"id":54,"date":"2007-01-19T16:47:30","date_gmt":"2007-01-19T15:47:30","guid":{"rendered":"http:\/\/v5.tigaer-design.com\/?page_id=54"},"modified":"2025-04-03T09:46:11","modified_gmt":"2025-04-03T07:46:11","slug":"impressum","status":"publish","type":"page","link":"https:\/\/v5.tigaer-design.com\/?page_id=54","title":{"rendered":"Impressum"},"content":{"rendered":"<div align=\"center\">\n<table border=\"0\" width=\"100%\" cellspacing=\"20\" cellpadding=\"0\">\n<tbody>\n<tr>\n<td style=\"width: 8%;\"><\/td>\n<td style=\"width: 100%;\">\n<div align=\"justify\">\n<p><span style=\"font-family: Arial;\">\u00a0<\/span><\/p>\n<blockquote><p>Angaben gem\u00c3\u00a4\u00c3\u0178 \u00c2\u00a7 5 TMG:<\/p>\n<p><span style=\"font-family: Arial;\">Christian Hecker<br \/>\nLiebenstadt 20<br \/>\n91180 Heideck<\/span><\/p>\n<h2>Kontakt:<\/h2>\n<p><span style=\"font-family: Arial;\"><br \/>\nE-Mail: tigaers_claw@tigaer-design.com<\/span><\/p>\n<h2>Haftungsausschluss:<\/h2>\n<p><strong>Haftung f\u00fcr Inhalte<\/strong><\/p>\n<p>Die Inhalte unserer Seiten wurden mit gr\u00c3\u00b6\u00c3\u0178ter Sorgfalt erstellt. F\u00c3\u00bcr die Richtigkeit, Vollst\u00c3\u00a4ndigkeit und Aktualit\u00c3\u00a4t der Inhalte k\u00c3\u00b6nnen wir jedoch keine Gew\u00c3\u00a4hr \u00c3\u00bcbernehmen. Als Diensteanbieter sind wir gem\u00c3\u00a4\u00c3\u0178 \u00c2\u00a7 7 Abs.1 TMG f\u00c3\u00bcr eigene Inhalte auf diesen Seiten nach den allgemeinen Gesetzen verantwortlich. Nach \u00c2\u00a7\u00c2\u00a7 8 bis 10 TMG sind wir als Diensteanbieter jedoch nicht verpflichtet, \u00c3\u00bcbermittelte oder gespeicherte fremde Informationen zu \u00c3\u00bcberwachen oder nach Umst\u00c3\u00a4nden zu forschen, die auf eine rechtswidrige T\u00c3\u00a4tigkeit hinweisen. Verpflichtungen zur Entfernung oder Sperrung der Nutzung von Informationen nach den allgemeinen Gesetzen bleiben hiervon unber\u00c3\u00bchrt. Eine diesbez\u00c3\u00bcgliche Haftung ist jedoch erst ab dem Zeitpunkt der Kenntnis einer konkreten Rechtsverletzung m\u00c3\u00b6glich. Bei Bekanntwerden von entsprechenden Rechtsverletzungen werden wir diese Inhalte umgehend entfernen.<\/p>\n<p><strong>Haftung f\u00c3\u00bcr Links<\/strong><\/p>\n<p>Unser Angebot enth\u00c3\u00a4lt Links zu externen Webseiten Dritter, auf deren Inhalte wir keinen Einfluss haben. Deshalb k\u00c3\u00b6nnen wir f\u00c3\u00bcr diese fremden Inhalte auch keine Gew\u00c3\u00a4hr \u00c3\u00bcbernehmen. F\u00c3\u00bcr die Inhalte der verlinkten Seiten ist stets der jeweilige Anbieter oder Betreiber der Seiten verantwortlich. Die verlinkten Seiten wurden zum Zeitpunkt der Verlinkung auf m\u00c3\u00b6gliche Rechtsverst\u00c3\u00b6\u00c3\u0178e \u00c3\u00bcberpr\u00c3\u00bcft. Rechtswidrige Inhalte waren zum Zeitpunkt der Verlinkung nicht erkennbar. Eine permanente inhaltliche Kontrolle der verlinkten Seiten ist jedoch ohne konkrete Anhaltspunkte einer Rechtsverletzung nicht zumutbar. Bei Bekanntwerden von Rechtsverletzungen werden wir derartige Links umgehend entfernen.<\/p>\n<p><strong>Urheberrecht<\/strong><\/p>\n<p>Die durch die Seitenbetreiber erstellten Inhalte und Werke auf diesen Seiten unterliegen dem deutschen Urheberrecht. Die Vervielf\u00c3\u00a4ltigung, Bearbeitung, Verbreitung und jede Art der Verwertung au\u00c3\u0178erhalb der Grenzen des Urheberrechtes bed\u00c3\u00bcrfen der schriftlichen Zustimmung des jeweiligen Autors bzw. Erstellers. Downloads und Kopien dieser Seite sind nur f\u00c3\u00bcr den privaten, nicht kommerziellen Gebrauch gestattet. Soweit die Inhalte auf dieser Seite nicht vom Betreiber erstellt wurden, werden die Urheberrechte Dritter beachtet. Insbesondere werden Inhalte Dritter als solche gekennzeichnet. Sollten Sie trotzdem auf eine Urheberrechtsverletzung aufmerksam werden, bitten wir um einen entsprechenden Hinweis. Bei Bekanntwerden von Rechtsverletzungen werden wir derartige Inhalte umgehend entfernen.<\/p>\n<p><strong>Datenschutz<\/strong><\/p>\n<p>Die Nutzung unserer Webseite ist in der Regel ohne Angabe personenbezogener Daten m\u00c3\u00b6glich. Soweit auf unseren Seiten personenbezogene Daten (beispielsweise Name, Anschrift oder eMail-Adressen) erhoben werden, erfolgt dies, soweit m\u00c3\u00b6glich, stets auf freiwilliger Basis. Diese Daten werden ohne Ihre ausdr\u00c3\u00bcckliche Zustimmung nicht an Dritte weitergegeben.<\/p>\n<p>Wir weisen darauf hin, dass die Daten\u00c3\u00bcbertragung im Internet (z.B. bei der Kommunikation per E-Mail) Sicherheitsl\u00c3\u00bccken aufweisen kann. Ein l\u00c3\u00bcckenloser Schutz der Daten vor dem Zugriff durch Dritte ist nicht m\u00c3\u00b6glich.<\/p>\n<p>Der Nutzung von im Rahmen der Impressumspflicht ver\u00c3\u00b6ffentlichten Kontaktdaten durch Dritte zur \u00c3\u0153bersendung von nicht ausdr\u00c3\u00bccklich angeforderter Werbung und Informationsmaterialien wird hiermit ausdr\u00c3\u00bccklich widersprochen. Die Betreiber der Seiten behalten sich ausdr\u00c3\u00bccklich rechtliche Schritte im Falle der unverlangten Zusendung von Werbeinformationen, etwa durch Spam-Mails, vor.<\/p>\n<p><strong>Datenschutzerkl\u00c3\u00a4rung f\u00c3\u00bcr die Nutzung von Facebook-Plugins (Like-Button)<\/strong><\/p>\n<p>Auf unseren Seiten sind Plugins des sozialen Netzwerks Facebook, 1601 South California Avenue, Palo Alto, CA 94304, USA integriert. Die Facebook-Plugins erkennen Sie an dem Facebook-Logo oder dem \u00e2\u20ac\u0153Like-Button\u00e2\u20ac\u009d (\u00e2\u20ac\u0153Gef\u00c3\u00a4llt mir\u00e2\u20ac\u009d) auf unserer Seite. Eine \u00c3\u0153bersicht \u00c3\u00bcber die Facebook-Plugins finden Sie hier:\u00a0<a href=\"http:\/\/developers.facebook.com\/docs\/plugins\/\" target=\"_blank\" rel=\"noopener noreferrer\">http:\/\/developers.facebook.com\/docs\/plugins\/<\/a>.<br \/>\nWenn Sie unsere Seiten besuchen, wird \u00c3\u00bcber das Plugin eine direkte Verbindung zwischen Ihrem Browser und dem Facebook-Server hergestellt. Facebook erh\u00c3\u00a4lt dadurch die Information, dass Sie mit Ihrer IP-Adresse unsere Seite besucht haben. Wenn Sie den Facebook \u00e2\u20ac\u0153Like-Button\u00e2\u20ac\u009d anklicken w\u00c3\u00a4hrend Sie in Ihrem Facebook-Account eingeloggt sind, k\u00c3\u00b6nnen Sie die Inhalte unserer Seiten auf Ihrem Facebook-Profil verlinken. Dadurch kann Facebook den Besuch unserer Seiten Ihrem Benutzerkonto zuordnen. Wir weisen darauf hin, dass wir als Anbieter der Seiten keine Kenntnis vom Inhalt der \u00c3\u00bcbermittelten Daten sowie deren Nutzung durch Facebook erhalten. Weitere Informationen hierzu finden Sie in der Datenschutzerkl\u00c3\u00a4rung von facebook unter\u00a0<a href=\"http:\/\/de-de.facebook.com\/policy.php\" target=\"_blank\" rel=\"noopener noreferrer\">http:\/\/de-de.facebook.com\/policy.php<\/a><\/p>\n<p>Wenn Sie nicht w\u00c3\u00bcnschen, dass Facebook den Besuch unserer Seiten Ihrem Facebook-Nutzerkonto zuordnen kann, loggen Sie sich bitte aus Ihrem Facebook-Benutzerkonto aus.<\/p>\n<h2>Bei Kauf Eines Druckes:<\/h2>\n<p>Rechtliche Informationen des Verk\u00c3\u00a4ufers<\/p>\n<p>Angegebene Preise enthalten gesetzliche Mehrwertsteuer. Es gilt das Widerrufsrecht laut BGB.<\/p><\/blockquote>\n<p><span style=\"font-family: Arial;\"><span style=\"font-family: Arial;\">Angaben des Verk\u00c3\u00a4ufers zur R\u00c3\u00bccknahme:<\/span><\/span><\/p>\n<blockquote><p><span style=\"font-family: Arial;\">Der K\u00c3\u00a4ufer hat das Recht, den Artikel zur\u00c3\u00bcckzugeben. R\u00c3\u00bccknahme &#8211; Weitere Angaben: Es gilt das Widerrufsrecht laut BGB.<\/span><\/p><\/blockquote>\n<p><span style=\"font-family: Arial;\"><span style=\"font-family: Arial;\">Widerrufsrecht:<\/span><\/span><\/p>\n<blockquote><p><span style=\"font-family: Arial;\">Sie k\u00c3\u00b6nnen Ihre Vertragserkl\u00c3\u00a4rung innerhalb von 2 Wochen ohne Angabe von Gr\u00c3\u00bcnden in Textform (z.B. Brief, e-mail) oder durch R\u00c3\u00bccksendung der Sache widerrufen. Die Frist beginnt fr\u00c3\u00bchestens mit dem Erhalt dieser Belehrung. Zur Wahrung der Widerrufsfrist gen\u00c3\u00bcgt die rechtzeitige Absendung des Widerrufs oder der Sache an:<\/span><span style=\"font-family: Arial;\">Christian Hecker<br \/>\nMarthastrasse 61<br \/>\n90482 Nuernberg<br \/>\nDeutschland<\/span><\/p><\/blockquote>\n<p><span style=\"font-family: Arial;\"><span style=\"font-family: Arial;\">Widerrufsfolgen:<\/span><\/span><\/p>\n<blockquote><p><span style=\"font-family: Arial;\">Im Falle eines wirksamen Widerrufs sind die beiderseits empfangenen Leistungen zur\u00c3\u00bcckzugew\u00c3\u00a4hren. K\u00c3\u00b6nnen Sie uns die empfangene Leistung ganz oder teilweise nicht oder nur in verschlechtertem Zustand zur\u00c3\u00bcckgew\u00c3\u00a4hren, m\u00c3\u00bcssen Sie uns insoweit ggf. Wertersatz leisten.<\/span><span style=\"font-family: Arial;\">Bei der \u00c3\u0153berlassung von Sachen gilt dies nicht, wenn die Verschlechterung der Sache ausschliesslich auf deren Pr\u00c3\u00bcfung &#8211; wie Sie Ihnen etwa in einem Ladengesch\u00c3\u00a4ft m\u00c3\u00b6glich gewesen w\u00c3\u00a4re &#8211; zur\u00c3\u00bcckzuf\u00c3\u00bchren ist. Im \u00c3\u0153brigen k\u00c3\u00b6nnen Sie die Wertersatzpflicht vermeiden, indem Sie die Sache nicht wie Ihr Eigentum in Gebrauch nehmen und alles unterlassen, was deren Wert beeintr\u00c3\u00a4chtigt.<\/span><\/p>\n<p>Paketversandf\u00c3\u00a4hige Sachen sind zur\u00c3\u00bcckzusenden. Sie haben die Kosten der R\u00c3\u00bccksendung zu tragen, wenn die gelieferte Ware der bestellten entspricht und wenn der Preis der zur\u00c3\u00bcckzusendenden Sache einen Betrag von 40 Euro nicht \u00c3\u00bcbersteigt oder wenn Sie bei einem h\u00c3\u00b6heren Preis der Sache zum Zeitpunkt des Widerrufs noch nicht die Gegenleistung oder eine vertraglich vereinbarte Teilzahlung erbracht haben. Anderenfalls ist die R\u00c3\u00bccksendung f\u00c3\u00bcr Sie kostenfrei.<\/p>\n<p>Verpflichtungen zur Erstattung von Zahlungen m\u00c3\u00bcssen Sie innerhalb von 30 Tagen nach der Absendung Ihrer Widerrufserkl\u00c3\u00a4rung erf\u00c3\u00bcllen.<\/p>\n<p>Angegebene Preise enthalten gesetzliche Mehrwertsteuer.<\/p><\/blockquote>\n<\/div>\n<\/td>\n<\/tr>\n<\/tbody>\n<\/table>\n<\/div>\n","protected":false},"excerpt":{"rendered":"<p>\u00a0 Angaben gem\u00c3\u00a4\u00c3\u0178 \u00c2\u00a7 5 TMG: Christian Hecker Liebenstadt 20 91180 Heideck Kontakt: E-Mail: tigaers_claw@tigaer-design.com Haftungsausschluss: Haftung f\u00fcr Inhalte Die Inhalte unserer Seiten wurden mit gr\u00c3\u00b6\u00c3\u0178ter Sorgfalt erstellt. F\u00c3\u00bcr die Richtigkeit, Vollst\u00c3\u00a4ndigkeit und Aktualit\u00c3\u00a4t der Inhalte k\u00c3\u00b6nnen wir jedoch keine Gew\u00c3\u00a4hr \u00c3\u00bcbernehmen. Als Diensteanbieter sind wir gem\u00c3\u00a4\u00c3\u0178 \u00c2\u00a7 7 Abs.1 TMG f\u00c3\u00bcr eigene Inhalte auf [&hellip;]<\/p>\n","protected":false},"author":1,"featured_media":0,"parent":0,"menu_order":9,"comment_status":"closed","ping_status":"open","template":"","meta":{"footnotes":""},"jetpack_shortlink":"https:\/\/wp.me\/PeWhv-S","_links":{"self":[{"href":"https:\/\/v5.tigaer-design.com\/index.php?rest_route=\/wp\/v2\/pages\/54"}],"collection":[{"href":"https:\/\/v5.tigaer-design.com\/index.php?rest_route=\/wp\/v2\/pages"}],"about":[{"href":"https:\/\/v5.tigaer-design.com\/index.php?rest_route=\/wp\/v2\/types\/page"}],"author":[{"embeddable":true,"href":"https:\/\/v5.tigaer-design.com\/index.php?rest_route=\/wp\/v2\/users\/1"}],"replies":[{"embeddable":true,"href":"https:\/\/v5.tigaer-design.com\/index.php?rest_route=%2Fwp%2Fv2%2Fcomments&post=54"}],"version-history":[{"count":2,"href":"https:\/\/v5.tigaer-design.com\/index.php?rest_route=\/wp\/v2\/pages\/54\/revisions"}],"predecessor-version":[{"id":26786,"href":"https:\/\/v5.tigaer-design.com\/index.php?rest_route=\/wp\/v2\/pages\/54\/revisions\/26786"}],"wp:attachment":[{"href":"https:\/\/v5.tigaer-design.com\/index.php?rest_route=%2Fwp%2Fv2%2Fmedia&parent=54"}],"curies":[{"name":"wp","href":"https:\/\/api.w.org\/{rel}","templated":true}]}}